{"id":268,"date":"2015-09-26T19:07:42","date_gmt":"2015-09-26T17:07:42","guid":{"rendered":"http:\/\/www.tv-forst-handball.de\/cms\/?page_id=268"},"modified":"2025-08-14T08:22:53","modified_gmt":"2025-08-14T06:22:53","slug":"mannschaft-c-jugend","status":"publish","type":"page","link":"https:\/\/www.tv-forst-handball.de\/cms\/mannschaft-c-jugend\/","title":{"rendered":"Mannschaft C-Jugend"},"content":{"rendered":"<p style=\"text-align: center;\"><strong>C-Jugend 2024\/2025<\/strong><\/p>\n\n<div class=\"wp-block-image\">\n<figure class=\"aligncenter size-large\"><a href=\"https:\/\/www.tv-forst-handball.de\/cms\/wp-content\/uploads\/2025\/08\/06_C_Jugend-scaled.jpg\" rel=\"lightbox[268]\"><img loading=\"lazy\" decoding=\"async\" width=\"1024\" height=\"685\" src=\"https:\/\/www.tv-forst-handball.de\/cms\/wp-content\/uploads\/2025\/08\/06_C_Jugend-1024x685.jpg\" alt=\"\" class=\"wp-image-7792\" srcset=\"https:\/\/www.tv-forst-handball.de\/cms\/wp-content\/uploads\/2025\/08\/06_C_Jugend-1024x685.jpg 1024w, https:\/\/www.tv-forst-handball.de\/cms\/wp-content\/uploads\/2025\/08\/06_C_Jugend-300x201.jpg 300w, https:\/\/www.tv-forst-handball.de\/cms\/wp-content\/uploads\/2025\/08\/06_C_Jugend-768x514.jpg 768w, https:\/\/www.tv-forst-handball.de\/cms\/wp-content\/uploads\/2025\/08\/06_C_Jugend-1536x1027.jpg 1536w, https:\/\/www.tv-forst-handball.de\/cms\/wp-content\/uploads\/2025\/08\/06_C_Jugend-2048x1369.jpg 2048w\" sizes=\"auto, (max-width: 1024px) 100vw, 1024px\" \/><\/a><figcaption class=\"wp-element-caption\">C-Jugend 25\/26<\/figcaption><\/figure><\/div>\n\n\n<p>Mit einem Kader von 12 Spielern der Jahrg\u00e4nge 2011 und 2012 startet die C-Jugend nicht mit einer besonders komfortablen Spielerdecke in die Saison. Dies f\u00fchrte leider auch dazu, dass man das angepeilte Ziel Bezirksoberliga verpasste. Die Mannschaft startet daher in der Bezirksliga und bekommt dort Gelegenheit sich zu finden und die neuen Gesichter zu integrieren. Vorne mitzuspielen ist dabei ein weiteres Ziel, Unterst\u00fctzung aus der D-Jugend ist dabei gewiss.<br>Das Trainerteam um Thomas Herr hat mit einem intensiven Vorbereitungsprogramm versucht sowohl die spielerischen Abl\u00e4ufe als auch die handballerischen F\u00e4higkeiten jedes einzelnen weiterzuentwickeln. Wir d\u00fcrfen gespannt sein, was die Jungs davon schon in den ersten spielen umsetzen k\u00f6nnen und wie sie sich im Saisonverlauf als Mannschaft weiterentwickeln werden.<\/p>\n","protected":false},"excerpt":{"rendered":"<p>C-Jugend 2024\/2025 Mit einem Kader von 12 Spielern der Jahrg\u00e4nge 2011 und 2012 startet die C-Jugend nicht mit einer besonders komfortablen Spielerdecke in die Saison. Dies f\u00fchrte leider auch dazu, dass man das angepeilte Ziel Bezirksoberliga verpasste. Die Mannschaft startet daher in der Bezirksliga und bekommt dort Gelegenheit sich zu finden und die neuen Gesichter &hellip; <a href=\"https:\/\/www.tv-forst-handball.de\/cms\/mannschaft-c-jugend\/\" class=\"more-link\"><span class=\"screen-reader-text\">Mannschaft C-Jugend<\/span> weiterlesen <span class=\"meta-nav\">&rarr;<\/span><\/a><\/p>\n","protected":false},"author":1,"featured_media":0,"parent":0,"menu_order":0,"comment_status":"closed","ping_status":"closed","template":"","meta":{"footnotes":""},"class_list":["post-268","page","type-page","status-publish","hentry"],"_links":{"self":[{"href":"https:\/\/www.tv-forst-handball.de\/cms\/wp-json\/wp\/v2\/pages\/268","targetHints":{"allow":["GET"]}}],"collection":[{"href":"https:\/\/www.tv-forst-handball.de\/cms\/wp-json\/wp\/v2\/pages"}],"about":[{"href":"https:\/\/www.tv-forst-handball.de\/cms\/wp-json\/wp\/v2\/types\/page"}],"author":[{"embeddable":true,"href":"https:\/\/www.tv-forst-handball.de\/cms\/wp-json\/wp\/v2\/users\/1"}],"replies":[{"embeddable":true,"href":"https:\/\/www.tv-forst-handball.de\/cms\/wp-json\/wp\/v2\/comments?post=268"}],"version-history":[{"count":15,"href":"https:\/\/www.tv-forst-handball.de\/cms\/wp-json\/wp\/v2\/pages\/268\/revisions"}],"predecessor-version":[{"id":7793,"href":"https:\/\/www.tv-forst-handball.de\/cms\/wp-json\/wp\/v2\/pages\/268\/revisions\/7793"}],"wp:attachment":[{"href":"https:\/\/www.tv-forst-handball.de\/cms\/wp-json\/wp\/v2\/media?parent=268"}],"curies":[{"name":"wp","href":"https:\/\/api.w.org\/{rel}","templated":true}]}}