{"id":270,"date":"2015-09-26T19:08:27","date_gmt":"2015-09-26T17:08:27","guid":{"rendered":"http:\/\/www.tv-forst-handball.de\/cms\/?page_id=270"},"modified":"2025-08-14T08:20:35","modified_gmt":"2025-08-14T06:20:35","slug":"mannschaft-d-jugend","status":"publish","type":"page","link":"https:\/\/www.tv-forst-handball.de\/cms\/mannschaft-d-jugend\/","title":{"rendered":"Mannschaft D-Jugend"},"content":{"rendered":"<p style=\"text-align: center;\"><strong>D-Jugend 2025\/2026<\/strong><\/p>\n\n<div class=\"wp-block-image\">\n<figure class=\"aligncenter size-large\"><a href=\"https:\/\/www.tv-forst-handball.de\/cms\/wp-content\/uploads\/2025\/08\/05_D_Jugend-scaled.jpg\" rel=\"lightbox[270]\"><img loading=\"lazy\" decoding=\"async\" width=\"1024\" height=\"675\" src=\"https:\/\/www.tv-forst-handball.de\/cms\/wp-content\/uploads\/2025\/08\/05_D_Jugend-1024x675.jpg\" alt=\"\" class=\"wp-image-7789\" srcset=\"https:\/\/www.tv-forst-handball.de\/cms\/wp-content\/uploads\/2025\/08\/05_D_Jugend-1024x675.jpg 1024w, https:\/\/www.tv-forst-handball.de\/cms\/wp-content\/uploads\/2025\/08\/05_D_Jugend-300x198.jpg 300w, https:\/\/www.tv-forst-handball.de\/cms\/wp-content\/uploads\/2025\/08\/05_D_Jugend-768x506.jpg 768w, https:\/\/www.tv-forst-handball.de\/cms\/wp-content\/uploads\/2025\/08\/05_D_Jugend-1536x1012.jpg 1536w, https:\/\/www.tv-forst-handball.de\/cms\/wp-content\/uploads\/2025\/08\/05_D_Jugend-2048x1350.jpg 2048w\" sizes=\"auto, (max-width: 1024px) 100vw, 1024px\" \/><\/a><figcaption class=\"wp-element-caption\">D-Jugend 25\/26<\/figcaption><\/figure><\/div>\n\n\n<p>Neue D-Jugend des TV Forst startet mit zwei Teams durch<\/p>\n\n\n\n<p>Mit viel Energie und gro\u00dfer Motivation geht die neue D-Jugend des TV Forst in die Handballsaison 2025\/26. Die Jahrg\u00e4nge 2013 und 2014 haben sich in der Qualifikationsrunde souver\u00e4n behauptet und sich verdient einen Platz in der Bezirksoberliga gesichert \u2013 ein starkes Zeichen f\u00fcr die Entwicklung und den Teamgeist dieser jungen Mannschaft.<\/p>\n\n\n\n<p>Auch bei den Vorbereitungsturnieren in Eggenstein und W\u00f6ssingen konnte das Team bereits eindrucksvoll unter Beweis stellen, was in ihm steckt \u2013 beide Turniere wurden mit dem Turniersieg gekr\u00f6nt.<\/p>\n\n\n\n<p>Aufgrund der erfreulich hohen Anzahl an motivierten Spielerinnen und Spielern wurde zus\u00e4tzlich eine zweite D-Jugendmannschaft gemeldet, die in der Bezirksklasse an den Start geht. Besonders erfreulich: Auch talentierte Spieler aus der E-Jugend schnuppern bereits D-Jugend-Luft und bringen frischen Wind in das Training.<\/p>\n\n\n\n<p>Das Ziel beider Mannschaften ist klar: Jedem Kind ausreichend Spielpraxis erm\u00f6glichen und so die individuelle sowie mannschaftliche Entwicklung gezielt f\u00f6rdern. Der parallele Spielbetrieb in zwei unterschiedlichen Ligen schafft daf\u00fcr ideale Voraussetzungen. Mit gro\u00dfer Vorfreude und einer gesunden Portion Ehrgeiz blicken wir auf eine spannende und herausfordernde Saison. Der TV Forst bleibt seinem Weg treu und setzt weiterhin auf Nachwuchsf\u00f6rderung, Teamgeist und vor allem den Spa\u00df&nbsp;am&nbsp;Handball.<\/p>\n","protected":false},"excerpt":{"rendered":"<p>D-Jugend 2025\/2026 Neue D-Jugend des TV Forst startet mit zwei Teams durch Mit viel Energie und gro\u00dfer Motivation geht die neue D-Jugend des TV Forst in die Handballsaison 2025\/26. Die Jahrg\u00e4nge 2013 und 2014 haben sich in der Qualifikationsrunde souver\u00e4n behauptet und sich verdient einen Platz in der Bezirksoberliga gesichert \u2013 ein starkes Zeichen f\u00fcr &hellip; <a href=\"https:\/\/www.tv-forst-handball.de\/cms\/mannschaft-d-jugend\/\" class=\"more-link\"><span class=\"screen-reader-text\">Mannschaft D-Jugend<\/span> weiterlesen <span class=\"meta-nav\">&rarr;<\/span><\/a><\/p>\n","protected":false},"author":1,"featured_media":0,"parent":0,"menu_order":0,"comment_status":"closed","ping_status":"closed","template":"","meta":{"footnotes":""},"class_list":["post-270","page","type-page","status-publish","hentry"],"_links":{"self":[{"href":"https:\/\/www.tv-forst-handball.de\/cms\/wp-json\/wp\/v2\/pages\/270","targetHints":{"allow":["GET"]}}],"collection":[{"href":"https:\/\/www.tv-forst-handball.de\/cms\/wp-json\/wp\/v2\/pages"}],"about":[{"href":"https:\/\/www.tv-forst-handball.de\/cms\/wp-json\/wp\/v2\/types\/page"}],"author":[{"embeddable":true,"href":"https:\/\/www.tv-forst-handball.de\/cms\/wp-json\/wp\/v2\/users\/1"}],"replies":[{"embeddable":true,"href":"https:\/\/www.tv-forst-handball.de\/cms\/wp-json\/wp\/v2\/comments?post=270"}],"version-history":[{"count":18,"href":"https:\/\/www.tv-forst-handball.de\/cms\/wp-json\/wp\/v2\/pages\/270\/revisions"}],"predecessor-version":[{"id":7791,"href":"https:\/\/www.tv-forst-handball.de\/cms\/wp-json\/wp\/v2\/pages\/270\/revisions\/7791"}],"wp:attachment":[{"href":"https:\/\/www.tv-forst-handball.de\/cms\/wp-json\/wp\/v2\/media?parent=270"}],"curies":[{"name":"wp","href":"https:\/\/api.w.org\/{rel}","templated":true}]}}