{"id":272,"date":"2015-09-26T19:09:11","date_gmt":"2015-09-26T17:09:11","guid":{"rendered":"http:\/\/www.tv-forst-handball.de\/cms\/?page_id=272"},"modified":"2025-08-14T08:18:06","modified_gmt":"2025-08-14T06:18:06","slug":"mannschaft-e-jugend","status":"publish","type":"page","link":"https:\/\/www.tv-forst-handball.de\/cms\/mannschaft-e-jugend\/","title":{"rendered":"Mannschaft E-Jugend"},"content":{"rendered":"<p style=\"text-align: center;\"><strong>E-Jugend Saison 2025\/2026<\/strong><\/p>\n<p><a href=\"https:\/\/www.tv-forst-handball.de\/cms\/wp-content\/uploads\/2025\/08\/04_E_Jugend-scaled.jpg\" rel=\"lightbox[272]\"><img loading=\"lazy\" decoding=\"async\" class=\"alignnone size-full wp-image-7787\" src=\"https:\/\/www.tv-forst-handball.de\/cms\/wp-content\/uploads\/2025\/08\/04_E_Jugend-scaled.jpg\" alt=\"\" width=\"2560\" height=\"1910\" srcset=\"https:\/\/www.tv-forst-handball.de\/cms\/wp-content\/uploads\/2025\/08\/04_E_Jugend-scaled.jpg 2560w, https:\/\/www.tv-forst-handball.de\/cms\/wp-content\/uploads\/2025\/08\/04_E_Jugend-300x224.jpg 300w, https:\/\/www.tv-forst-handball.de\/cms\/wp-content\/uploads\/2025\/08\/04_E_Jugend-1024x764.jpg 1024w, https:\/\/www.tv-forst-handball.de\/cms\/wp-content\/uploads\/2025\/08\/04_E_Jugend-768x573.jpg 768w, https:\/\/www.tv-forst-handball.de\/cms\/wp-content\/uploads\/2025\/08\/04_E_Jugend-1536x1146.jpg 1536w, https:\/\/www.tv-forst-handball.de\/cms\/wp-content\/uploads\/2025\/08\/04_E_Jugend-2048x1528.jpg 2048w\" sizes=\"auto, (max-width: 2560px) 100vw, 2560px\" \/><\/a><\/p>\n<p>Wie in der vergangenen Saison, wird die E-Jugend auch in diesem Jahr wieder mit zwei Mannschaften am Spielbetrieb teilnehmen. Die E1 geht dabei in der Bezirksoberliga, die E2 in der Bezirksklasse an den Start. Somit sollten die Voraussetzungen gegeben sein, dass alle Kinder ausreichend und leistungsgerecht Spielanteile sammeln k\u00f6nnen.<br \/>\nIm Training steht die individuelle F\u00f6rderung der F\u00e4higkeiten jedes einzelnen Kindes im Fokus. Prellen, Fangen, Werfen in den verschiedensten Situationen, erg\u00e4nzt durch vielf\u00e4ltige koordinative Aufgaben bilden hierbei die Grundlage und schaffen die Basis f\u00fcr die weitere handballerische Entwicklung. Schritt f\u00fcr Schritt entwickeln wir dar\u00fcber hinaus die Spielf\u00e4higkeit der Kids, damit Sie in der Lage sind sich auf dem Spielfeld zu orientieren und situationsbedingt die richtigen Entscheidungen zu treffen. Mit viel Spa\u00df probieren wir uns hierzu an verschiedensten Spielformen, die mal den Spielern und mal den Trainern mehr Spa\u00df machen.<\/p>\n<p>Wie gut dies am Ende gelungen ist, wird sich dann in den Rundenspielen gegen die anderen Mannschaften des Bezirks zeigen. Neben dem Spielergebnis im Modus \u201eTore mal Torsch\u00fctzen\u201c werden in diesem Jahr erstmals auch die Ergebnisse koordinativer Aufgaben in die Wertung der Begegnung zweier Mannschaften eingehen. Wir d\u00fcrfen gespannt sein, wie sich unsere Mannschaften hier schlagen werden.<\/p>\n","protected":false},"excerpt":{"rendered":"<p>E-Jugend Saison 2025\/2026 Wie in der vergangenen Saison, wird die E-Jugend auch in diesem Jahr wieder mit zwei Mannschaften am Spielbetrieb teilnehmen. Die E1 geht dabei in der Bezirksoberliga, die E2 in der Bezirksklasse an den Start. Somit sollten die Voraussetzungen gegeben sein, dass alle Kinder ausreichend und leistungsgerecht Spielanteile sammeln k\u00f6nnen. Im Training steht &hellip; <a href=\"https:\/\/www.tv-forst-handball.de\/cms\/mannschaft-e-jugend\/\" class=\"more-link\"><span class=\"screen-reader-text\">Mannschaft E-Jugend<\/span> weiterlesen <span class=\"meta-nav\">&rarr;<\/span><\/a><\/p>\n","protected":false},"author":1,"featured_media":0,"parent":0,"menu_order":0,"comment_status":"closed","ping_status":"closed","template":"","meta":{"footnotes":""},"class_list":["post-272","page","type-page","status-publish","hentry"],"_links":{"self":[{"href":"https:\/\/www.tv-forst-handball.de\/cms\/wp-json\/wp\/v2\/pages\/272","targetHints":{"allow":["GET"]}}],"collection":[{"href":"https:\/\/www.tv-forst-handball.de\/cms\/wp-json\/wp\/v2\/pages"}],"about":[{"href":"https:\/\/www.tv-forst-handball.de\/cms\/wp-json\/wp\/v2\/types\/page"}],"author":[{"embeddable":true,"href":"https:\/\/www.tv-forst-handball.de\/cms\/wp-json\/wp\/v2\/users\/1"}],"replies":[{"embeddable":true,"href":"https:\/\/www.tv-forst-handball.de\/cms\/wp-json\/wp\/v2\/comments?post=272"}],"version-history":[{"count":16,"href":"https:\/\/www.tv-forst-handball.de\/cms\/wp-json\/wp\/v2\/pages\/272\/revisions"}],"predecessor-version":[{"id":7788,"href":"https:\/\/www.tv-forst-handball.de\/cms\/wp-json\/wp\/v2\/pages\/272\/revisions\/7788"}],"wp:attachment":[{"href":"https:\/\/www.tv-forst-handball.de\/cms\/wp-json\/wp\/v2\/media?parent=272"}],"curies":[{"name":"wp","href":"https:\/\/api.w.org\/{rel}","templated":true}]}}