{"id":276,"date":"2015-09-26T19:10:27","date_gmt":"2015-09-26T17:10:27","guid":{"rendered":"http:\/\/www.tv-forst-handball.de\/cms\/?page_id=276"},"modified":"2025-08-12T15:52:09","modified_gmt":"2025-08-12T13:52:09","slug":"mannschaft-kruemel","status":"publish","type":"page","link":"https:\/\/www.tv-forst-handball.de\/cms\/mannschaft-kruemel\/","title":{"rendered":"Mannschaft Kr\u00fcmel"},"content":{"rendered":"<p style=\"text-align: center;\"><strong>Kr\u00fcmel 2025\/2026<br \/><\/strong><\/p>\n\n<div class=\"wp-block-image\">\n<figure class=\"aligncenter size-large\"><a href=\"https:\/\/www.tv-forst-handball.de\/cms\/wp-content\/uploads\/2025\/08\/01_Kruemel.jpg\" rel=\"lightbox[276]\"><img loading=\"lazy\" decoding=\"async\" width=\"1024\" height=\"629\" src=\"https:\/\/www.tv-forst-handball.de\/cms\/wp-content\/uploads\/2025\/08\/01_Kruemel-1024x629.jpg\" alt=\"\" class=\"wp-image-7777\" srcset=\"https:\/\/www.tv-forst-handball.de\/cms\/wp-content\/uploads\/2025\/08\/01_Kruemel-1024x629.jpg 1024w, https:\/\/www.tv-forst-handball.de\/cms\/wp-content\/uploads\/2025\/08\/01_Kruemel-300x184.jpg 300w, https:\/\/www.tv-forst-handball.de\/cms\/wp-content\/uploads\/2025\/08\/01_Kruemel-768x472.jpg 768w, https:\/\/www.tv-forst-handball.de\/cms\/wp-content\/uploads\/2025\/08\/01_Kruemel.jpg 1537w\" sizes=\"auto, (max-width: 1024px) 100vw, 1024px\" \/><\/a><figcaption class=\"wp-element-caption\">Kr\u00fcmel 25\/26<\/figcaption><\/figure><\/div>\n\n\n<p>Unsere Kr\u00fcmel in Aktion \u2013 Handballspa\u00df f\u00fcr die Kleinsten beim TV Forst. Donnerstagnachmittag in der Jahnhalle: Es wird geworfen, gefangen, gelacht und getobt \u2013 unsere Kr\u00fcmel sind los! In der j\u00fcngsten Trainingsgruppe des TV Forst sammeln Kinder im Alter von 4 bis 6 Jahren erste spielerische Erfahrungen mit dem Handball.<\/p>\n\n\n\n<p>Im Mittelpunkt steht dabei vor allem eines: Spa\u00df an der Bewegung! Die Kinder lernen auf kindgerechte Weise grundlegende handballspezifische Fertigkeiten wie Werfen, Fangen, Laufen und Koordination. Dabei geht es nicht um Leistung, sondern vor allem um Begeisterung an der Bewegung, Teamgef\u00fchl und das spielerische Entdecken des Sports.<\/p>\n\n\n\n<p>Mit viel Herz, Geduld und kreativen Spielen schaffen wir eine Atmosph\u00e4re, in der sich die Kinder wohlf\u00fchlen sollen und ganz ohne Druck neue F\u00e4higkeiten entwickeln k\u00f6nnen. Ob beim gemeinsamen Aufw\u00e4rmen, beim Bew\u00e4ltigen eines Parcours oder den ersten kleinen Wurfspielen \u2013 bei den Kr\u00fcmeln ist immer etwas los!<\/p>\n\n\n\n<p>Das allj\u00e4hrliche Highlight ist die Teilnahme am Handball-Spielfest der \u201eGro\u00dfen\u201c in der Waldseehalle kurz vor Ostern. Danach wechseln die \u00e4ltesten Kinder dann in die n\u00e4chste Altersklasse zu den \u201eSuperMinis\u201c.<\/p>\n\n\n\n<p>Neugierig geworden? Dann schaut gerne einfach im Training vorbei \u2013 neue Gesichter sind bei uns jederzeit herzlich willkommen! TV Forst \u2013 Handball mit Herz,&nbsp;von&nbsp;Anfang&nbsp;an.<\/p>\n","protected":false},"excerpt":{"rendered":"<p>Kr\u00fcmel 2025\/2026 Unsere Kr\u00fcmel in Aktion \u2013 Handballspa\u00df f\u00fcr die Kleinsten beim TV Forst. Donnerstagnachmittag in der Jahnhalle: Es wird geworfen, gefangen, gelacht und getobt \u2013 unsere Kr\u00fcmel sind los! In der j\u00fcngsten Trainingsgruppe des TV Forst sammeln Kinder im Alter von 4 bis 6 Jahren erste spielerische Erfahrungen mit dem Handball. Im Mittelpunkt steht &hellip; <a href=\"https:\/\/www.tv-forst-handball.de\/cms\/mannschaft-kruemel\/\" class=\"more-link\"><span class=\"screen-reader-text\">Mannschaft Kr\u00fcmel<\/span> weiterlesen <span class=\"meta-nav\">&rarr;<\/span><\/a><\/p>\n","protected":false},"author":1,"featured_media":0,"parent":0,"menu_order":0,"comment_status":"closed","ping_status":"closed","template":"","meta":{"footnotes":""},"class_list":["post-276","page","type-page","status-publish","hentry"],"_links":{"self":[{"href":"https:\/\/www.tv-forst-handball.de\/cms\/wp-json\/wp\/v2\/pages\/276","targetHints":{"allow":["GET"]}}],"collection":[{"href":"https:\/\/www.tv-forst-handball.de\/cms\/wp-json\/wp\/v2\/pages"}],"about":[{"href":"https:\/\/www.tv-forst-handball.de\/cms\/wp-json\/wp\/v2\/types\/page"}],"author":[{"embeddable":true,"href":"https:\/\/www.tv-forst-handball.de\/cms\/wp-json\/wp\/v2\/users\/1"}],"replies":[{"embeddable":true,"href":"https:\/\/www.tv-forst-handball.de\/cms\/wp-json\/wp\/v2\/comments?post=276"}],"version-history":[{"count":15,"href":"https:\/\/www.tv-forst-handball.de\/cms\/wp-json\/wp\/v2\/pages\/276\/revisions"}],"predecessor-version":[{"id":7779,"href":"https:\/\/www.tv-forst-handball.de\/cms\/wp-json\/wp\/v2\/pages\/276\/revisions\/7779"}],"wp:attachment":[{"href":"https:\/\/www.tv-forst-handball.de\/cms\/wp-json\/wp\/v2\/media?parent=276"}],"curies":[{"name":"wp","href":"https:\/\/api.w.org\/{rel}","templated":true}]}}