{"id":278,"date":"2015-09-26T19:11:06","date_gmt":"2015-09-26T17:11:06","guid":{"rendered":"http:\/\/www.tv-forst-handball.de\/cms\/?page_id=278"},"modified":"2025-08-14T08:12:31","modified_gmt":"2025-08-14T06:12:31","slug":"mannschaft-superminis","status":"publish","type":"page","link":"https:\/\/www.tv-forst-handball.de\/cms\/mannschaft-superminis\/","title":{"rendered":"Mannschaft SuperMinis"},"content":{"rendered":"<p style=\"text-align: center;\"><strong>SuperMinis 2025\/2026<\/strong><\/p>\n<p><a href=\"https:\/\/www.tv-forst-handball.de\/cms\/wp-content\/uploads\/2025\/08\/02_SuperMinis-scaled.jpg\" rel=\"lightbox[278]\"><img loading=\"lazy\" decoding=\"async\" class=\"alignnone size-full wp-image-7781\" src=\"https:\/\/www.tv-forst-handball.de\/cms\/wp-content\/uploads\/2025\/08\/02_SuperMinis-scaled.jpg\" alt=\"\" width=\"2560\" height=\"1521\" srcset=\"https:\/\/www.tv-forst-handball.de\/cms\/wp-content\/uploads\/2025\/08\/02_SuperMinis-scaled.jpg 2560w, https:\/\/www.tv-forst-handball.de\/cms\/wp-content\/uploads\/2025\/08\/02_SuperMinis-300x178.jpg 300w, https:\/\/www.tv-forst-handball.de\/cms\/wp-content\/uploads\/2025\/08\/02_SuperMinis-1024x608.jpg 1024w, https:\/\/www.tv-forst-handball.de\/cms\/wp-content\/uploads\/2025\/08\/02_SuperMinis-768x456.jpg 768w, https:\/\/www.tv-forst-handball.de\/cms\/wp-content\/uploads\/2025\/08\/02_SuperMinis-1536x912.jpg 1536w, https:\/\/www.tv-forst-handball.de\/cms\/wp-content\/uploads\/2025\/08\/02_SuperMinis-2048x1216.jpg 2048w\" sizes=\"auto, (max-width: 2560px) 100vw, 2560px\" \/><\/a><\/p>\n<p>Unsere \u201eSuperMinis\u201c sind die Trainingsgruppe f\u00fcr \u00e4ltere f\u00fcnfj\u00e4hrige und sechsj\u00e4hrige Kinder, die bereits in der Lage sind, erste Zielspiele zu spielen. Einmal in der Woche treffen sich die Kids zum Training in der Schulturnhalle um Schritt das Handball ABC zu lernen. Mit viel Engagement werden verschiedene Fertigkeiten ge\u00fcbt und viele verschiedenen Spiele ausprobiert. Im Laufe der Saison werden sich die Jungs und M\u00e4dels dann auch schon mit anderen Mannschaften des Handballbezirks Schwarzwald-Rhein zu Spielfesten treffen und miteinander spielen und koordinative Zusatzaufgaben bew\u00e4ltigen k\u00f6nnen. Im Training ist die handballtechnische Schulung daher auch nur einer von vielen Bestandteilen. Dar\u00fcber hinaus geht es darum, die allgemeine Motorik, die koordinativen F\u00e4higkeiten und das Bewegungsgef\u00fchl der Kinder zu entwickeln und zu st\u00e4rken. Mit vielen Spielen rund um den Ball versuchen wir diese schrittweise zum Handballspiel hinzuf\u00fchren und deren Spielverst\u00e4ndnis zu entwickeln. Der Spa\u00df kommt dabei nat\u00fcrlich nicht zu kurz.<\/p>\n","protected":false},"excerpt":{"rendered":"<p>SuperMinis 2025\/2026 Unsere \u201eSuperMinis\u201c sind die Trainingsgruppe f\u00fcr \u00e4ltere f\u00fcnfj\u00e4hrige und sechsj\u00e4hrige Kinder, die bereits in der Lage sind, erste Zielspiele zu spielen. Einmal in der Woche treffen sich die Kids zum Training in der Schulturnhalle um Schritt das Handball ABC zu lernen. Mit viel Engagement werden verschiedene Fertigkeiten ge\u00fcbt und viele verschiedenen Spiele ausprobiert. &hellip; <a href=\"https:\/\/www.tv-forst-handball.de\/cms\/mannschaft-superminis\/\" class=\"more-link\"><span class=\"screen-reader-text\">Mannschaft SuperMinis<\/span> weiterlesen <span class=\"meta-nav\">&rarr;<\/span><\/a><\/p>\n","protected":false},"author":1,"featured_media":0,"parent":0,"menu_order":0,"comment_status":"closed","ping_status":"closed","template":"","meta":{"footnotes":""},"class_list":["post-278","page","type-page","status-publish","hentry"],"_links":{"self":[{"href":"https:\/\/www.tv-forst-handball.de\/cms\/wp-json\/wp\/v2\/pages\/278","targetHints":{"allow":["GET"]}}],"collection":[{"href":"https:\/\/www.tv-forst-handball.de\/cms\/wp-json\/wp\/v2\/pages"}],"about":[{"href":"https:\/\/www.tv-forst-handball.de\/cms\/wp-json\/wp\/v2\/types\/page"}],"author":[{"embeddable":true,"href":"https:\/\/www.tv-forst-handball.de\/cms\/wp-json\/wp\/v2\/users\/1"}],"replies":[{"embeddable":true,"href":"https:\/\/www.tv-forst-handball.de\/cms\/wp-json\/wp\/v2\/comments?post=278"}],"version-history":[{"count":9,"href":"https:\/\/www.tv-forst-handball.de\/cms\/wp-json\/wp\/v2\/pages\/278\/revisions"}],"predecessor-version":[{"id":7782,"href":"https:\/\/www.tv-forst-handball.de\/cms\/wp-json\/wp\/v2\/pages\/278\/revisions\/7782"}],"wp:attachment":[{"href":"https:\/\/www.tv-forst-handball.de\/cms\/wp-json\/wp\/v2\/media?parent=278"}],"curies":[{"name":"wp","href":"https:\/\/api.w.org\/{rel}","templated":true}]}}