{"id":5366,"date":"2016-09-06T07:02:12","date_gmt":"2016-09-06T05:02:12","guid":{"rendered":"http:\/\/www.tv-forst-handball.de\/cms\/?page_id=5366"},"modified":"2019-08-16T07:19:22","modified_gmt":"2019-08-16T05:19:22","slug":"mannschaft-purzel","status":"publish","type":"page","link":"https:\/\/www.tv-forst-handball.de\/cms\/mannschaft-purzel\/","title":{"rendered":"Mannschaft Purzel"},"content":{"rendered":"<p style=\"text-align: center;\"><strong>Wir bewegen Klein und Gro\u00df<\/strong><\/p>\n<p style=\"text-align: center;\"><strong>Eltern-Kind-Turnen in der Jahnhalle Forst<\/strong><\/p>\n<p><a href=\"https:\/\/www.tv-forst-handball.de\/cms\/wp-content\/uploads\/2018\/09\/Purzel-Vormittag.jpeg\" rel=\"lightbox[5366]\"><img loading=\"lazy\" decoding=\"async\" class=\"alignnone size-full wp-image-6359\" src=\"https:\/\/www.tv-forst-handball.de\/cms\/wp-content\/uploads\/2018\/09\/Purzel-Vormittag.jpeg\" alt=\"\" width=\"1600\" height=\"1200\" srcset=\"https:\/\/www.tv-forst-handball.de\/cms\/wp-content\/uploads\/2018\/09\/Purzel-Vormittag.jpeg 1600w, https:\/\/www.tv-forst-handball.de\/cms\/wp-content\/uploads\/2018\/09\/Purzel-Vormittag-300x225.jpeg 300w, https:\/\/www.tv-forst-handball.de\/cms\/wp-content\/uploads\/2018\/09\/Purzel-Vormittag-768x576.jpeg 768w, https:\/\/www.tv-forst-handball.de\/cms\/wp-content\/uploads\/2018\/09\/Purzel-Vormittag-1024x768.jpeg 1024w\" sizes=\"auto, (max-width: 1600px) 100vw, 1600px\" \/><\/a><\/p>\n<p><a href=\"https:\/\/www.tv-forst-handball.de\/cms\/wp-content\/uploads\/2018\/09\/Purzel-Nachmittag.jpeg\" rel=\"lightbox[5366]\"><img loading=\"lazy\" decoding=\"async\" class=\"alignnone size-full wp-image-6358\" src=\"https:\/\/www.tv-forst-handball.de\/cms\/wp-content\/uploads\/2018\/09\/Purzel-Nachmittag.jpeg\" alt=\"\" width=\"1600\" height=\"1200\" srcset=\"https:\/\/www.tv-forst-handball.de\/cms\/wp-content\/uploads\/2018\/09\/Purzel-Nachmittag.jpeg 1600w, https:\/\/www.tv-forst-handball.de\/cms\/wp-content\/uploads\/2018\/09\/Purzel-Nachmittag-300x225.jpeg 300w, https:\/\/www.tv-forst-handball.de\/cms\/wp-content\/uploads\/2018\/09\/Purzel-Nachmittag-768x576.jpeg 768w, https:\/\/www.tv-forst-handball.de\/cms\/wp-content\/uploads\/2018\/09\/Purzel-Nachmittag-1024x768.jpeg 1024w\" sizes=\"auto, (max-width: 1600px) 100vw, 1600px\" \/><\/a><\/p>\n\n\n<p>Dabei sein ist alles. Dieses sportliche Motto gilt beim Eltern-Kind-Turnen ganz besonders. In den w\u00f6chentlichen Kursstunden geht es n\u00e4mlich weniger um Turn\u00fcbungen im klassischen Sinn. Vielmehr steht der gemeinsame Spa\u00df an der Bewegung im Vordergrund. Seien Sie aktives Vorbild und animieren Sie Ihr Kind, sich beim Kinderturnen an den verschiedenen Stationen zu probieren.<\/p>\n\n\n\n<p>Ausprobieren! Wir freuen uns auf euch!<\/p>\n\n\n\n<p>Immer freitags (ausgenommen Schulferien) in der Jahnhalle Forst:<\/p>\n\n\n\n<p>9:30 \u2013 10:30 Uhr &nbsp;&nbsp;&nbsp;&nbsp;&nbsp;&nbsp;&nbsp;&nbsp;&nbsp; ab dem Krabbelalter \u2013 3 Jahre<\/p>\n\n\n\n<p>14:45 \u2013 15:45 Uhr&nbsp;&nbsp;&nbsp;&nbsp;&nbsp;&nbsp;&nbsp;&nbsp; 1,5 \u2013 4 Jahre<\/p>\n\n\n\n<p>Infos bei Tina Mohr, 07251\/3929174<\/p>\n","protected":false},"excerpt":{"rendered":"<p>Wir bewegen Klein und Gro\u00df Eltern-Kind-Turnen in der Jahnhalle Forst Dabei sein ist alles. Dieses sportliche Motto gilt beim Eltern-Kind-Turnen ganz besonders. In den w\u00f6chentlichen Kursstunden geht es n\u00e4mlich weniger um Turn\u00fcbungen im klassischen Sinn. Vielmehr steht der gemeinsame Spa\u00df an der Bewegung im Vordergrund. Seien Sie aktives Vorbild und animieren Sie Ihr Kind, sich &hellip; <a href=\"https:\/\/www.tv-forst-handball.de\/cms\/mannschaft-purzel\/\" class=\"more-link\"><span class=\"screen-reader-text\">Mannschaft Purzel<\/span> weiterlesen <span class=\"meta-nav\">&rarr;<\/span><\/a><\/p>\n","protected":false},"author":4,"featured_media":0,"parent":0,"menu_order":0,"comment_status":"closed","ping_status":"closed","template":"","meta":{"footnotes":""},"class_list":["post-5366","page","type-page","status-publish","hentry"],"_links":{"self":[{"href":"https:\/\/www.tv-forst-handball.de\/cms\/wp-json\/wp\/v2\/pages\/5366","targetHints":{"allow":["GET"]}}],"collection":[{"href":"https:\/\/www.tv-forst-handball.de\/cms\/wp-json\/wp\/v2\/pages"}],"about":[{"href":"https:\/\/www.tv-forst-handball.de\/cms\/wp-json\/wp\/v2\/types\/page"}],"author":[{"embeddable":true,"href":"https:\/\/www.tv-forst-handball.de\/cms\/wp-json\/wp\/v2\/users\/4"}],"replies":[{"embeddable":true,"href":"https:\/\/www.tv-forst-handball.de\/cms\/wp-json\/wp\/v2\/comments?post=5366"}],"version-history":[{"count":10,"href":"https:\/\/www.tv-forst-handball.de\/cms\/wp-json\/wp\/v2\/pages\/5366\/revisions"}],"predecessor-version":[{"id":6674,"href":"https:\/\/www.tv-forst-handball.de\/cms\/wp-json\/wp\/v2\/pages\/5366\/revisions\/6674"}],"wp:attachment":[{"href":"https:\/\/www.tv-forst-handball.de\/cms\/wp-json\/wp\/v2\/media?parent=5366"}],"curies":[{"name":"wp","href":"https:\/\/api.w.org\/{rel}","templated":true}]}}