{"id":58,"date":"2015-08-05T15:17:05","date_gmt":"2015-08-05T13:17:05","guid":{"rendered":"http:\/\/www.tv-forst-handball.de\/cms\/?page_id=58"},"modified":"2025-08-12T15:28:22","modified_gmt":"2025-08-12T13:28:22","slug":"sandhasenecho","status":"publish","type":"page","link":"https:\/\/www.tv-forst-handball.de\/cms\/sandhasenecho\/","title":{"rendered":"Sandhasenecho"},"content":{"rendered":"<p>HANDBALL IN FORST &#8211; GEMEINSAM ERFOLGREICH!<\/p>\n<p>Einmal alles neu! Mit der Fusion der der drei baden-w\u00fcrttembergischen Handballverb\u00e4nde zum BWHV erwarten uns zur kommenden Saison viele Ver\u00e4nderungen. Neben dem neuen Verband spielen wir nun im neu gebildeten Bezirk Schwarzwald-Rhein, es erwarten uns neue Gegner und neue Regelungen im Spielbetrieb und Schiedsrichterwesen. Auch haben sich uns einige neue Gesichter angeschlossen und manches Trainerteam gewechselt. Gleich bleibt die Idee dahinter, als starke Gemeinschaft erfolgreich Handball zu spielen und gemeinschaftlich werden wir sicherlich auch alle auftretenden Herausforderungen gut meistern.<\/p>\n<p>Unsere Herren haben sich nach dem Aufstiegsjahr mit dem 5.Platz in der Bezirksoberliga in der abgelaufenen Saison gut etabliert und werden in der nun zweigleisigen Bezirksoberliga um einen Qualifikationsplatz f\u00fcr der Bezirksoberliga 26\/27 k\u00e4mpfen. Die zweite Herrenmannschaft wird eine Klasse tiefer in der Bezirksliga starten.<\/p>\n<p>Weiterhin gut aufgestellt sind wir auch im Jugendbereich. Mit zwei Staffelsiegen (E1 und C2) und ansonsten guten Platzierungen konnten in der vergangenen Spielrunde fast alle Mannschaften ihr Leistungsniveau abrufen. F\u00fcr die kommende Saison haben sich A- und B-Jugend in einem Qualifikationsmarathon erneut f\u00fcr die Oberliga qualifiziert, welche deutlich \u00fcberregionaler aufgestellt sein wird als bisher. So werden in dieser Runde Teams von Hardheim bis Weil am Rhein ihre Visitenkarte in der Waldseehalle abgeben. <br \/>Aber auch alle anderen Teams haben sich in den Qualifikationsturnieren gut pr\u00e4sentiert und werden in passenden Spielklassen an den Start gehen. Auch die D1-Jugend und die E1-Jugend werden dabei in den h\u00f6chsten Spielklassen ihrer Altersklasse, der Bezirksoberliga, durchstarten. Sowohl in diesen beiden Altersklassen, als auch in der B-Jugend geht jeweils noch eine zweite Mannschaft ins Rennen.<br \/>Den Grundstock des Ganzen bilden weiterhin unsere Kindermannschaften von den Kr\u00fcmeln bis zur F-Jugend, in denen alle unsere Spieler das Handball-Einmaleins und die Freude am Mannschaftssport kennenlernen.<\/p>\n<p>Nachdem in m\u00fchevoller Kleinarbeit mit erneut nahezu 100 Spielverlegungen auch wieder ein funktionierender Spielplan f\u00fcr alle Mannschaften entwickelt wurde, darf nun die Freude auf die Saison 2025\/2026 ihren Lauf nehmen.<\/p>\n<p>Dank gilt allen \u00dcbungsleitern und Betreuern unserer Teams. Diese investieren viel Zeit und Herzblut in die Arbeit mit den Kindern, Jugendlichen und Erwachsenen, um sie erfolgreich auf ihre Spielklassen vorzubereiten.<br \/>All dies w\u00e4re aber nicht m\u00f6glich, ohne die zahlreichen G\u00f6nner und Unterst\u00fctzer, welche unsere Arbeit wertsch\u00e4tzen und finanziell f\u00f6rdern, herzlichen Dank daf\u00fcr! Ebenso freuen wir uns \u00fcber jeden, der im Laufe des Jahres, in welcher Form auch immer, die Aktivit\u00e4ten unserer gro\u00dfen Gemeinschaft unterst\u00fctzt.<\/p>\n<p>So bleibt mir nur noch uns allen viel Spa\u00df bei den Spielen zu w\u00fcnschen. Sowohl auf dem Spielfeld, als auch auf der Trib\u00fcne w\u00fcnschen wir uns die Fairness, die unseren Handballsport auszeichnet. Seien Sie insbesondere auch fair zu den Schiedsrichtern,<\/p>\n<p>Im Namen des Abteilungsleitungsteams<\/p>\n<p>J\u00fcrgen Megerle,<\/p>\n<p><a href=\"https:\/\/www.tv-forst-handball.de\/cms\/wp-content\/uploads\/2022\/10\/2022_Vorwort-Sandhasenecho-Bild.jpg\" rel=\"lightbox[58]\"><img loading=\"lazy\" decoding=\"async\" class=\"alignnone size-full wp-image-7288\" src=\"https:\/\/www.tv-forst-handball.de\/cms\/wp-content\/uploads\/2022\/10\/2022_Vorwort-Sandhasenecho-Bild.jpg\" alt=\"\" width=\"150\" height=\"208\" \/><\/a><\/p>\n<p>Abteilungsleiter<\/p>\n\n\n<div class=\"wp-block-buttons is-layout-flex wp-block-buttons-is-layout-flex\">\n<div class=\"wp-block-button\"><a class=\"wp-block-button__link wp-element-button\" href=\"https:\/\/www.tv-forst-handball.de\/cms\/wp-content\/uploads\/2024\/09\/sandhasenecho_2024_korr4.pdf\" target=\"_blank\" rel=\"noreferrer noopener\">Sandhasenecho<\/a><\/div>\n<\/div>\n\n\n\n<p><\/p>\n","protected":false},"excerpt":{"rendered":"<p>HANDBALL IN FORST &#8211; GEMEINSAM ERFOLGREICH! Einmal alles neu! Mit der Fusion der der drei baden-w\u00fcrttembergischen Handballverb\u00e4nde zum BWHV erwarten uns zur kommenden Saison viele Ver\u00e4nderungen. Neben dem neuen Verband spielen wir nun im neu gebildeten Bezirk Schwarzwald-Rhein, es erwarten uns neue Gegner und neue Regelungen im Spielbetrieb und Schiedsrichterwesen. Auch haben sich uns einige &hellip; <a href=\"https:\/\/www.tv-forst-handball.de\/cms\/sandhasenecho\/\" class=\"more-link\"><span class=\"screen-reader-text\">Sandhasenecho<\/span> weiterlesen <span class=\"meta-nav\">&rarr;<\/span><\/a><\/p>\n","protected":false},"author":1,"featured_media":0,"parent":0,"menu_order":0,"comment_status":"closed","ping_status":"open","template":"","meta":{"footnotes":""},"class_list":["post-58","page","type-page","status-publish","hentry"],"_links":{"self":[{"href":"https:\/\/www.tv-forst-handball.de\/cms\/wp-json\/wp\/v2\/pages\/58","targetHints":{"allow":["GET"]}}],"collection":[{"href":"https:\/\/www.tv-forst-handball.de\/cms\/wp-json\/wp\/v2\/pages"}],"about":[{"href":"https:\/\/www.tv-forst-handball.de\/cms\/wp-json\/wp\/v2\/types\/page"}],"author":[{"embeddable":true,"href":"https:\/\/www.tv-forst-handball.de\/cms\/wp-json\/wp\/v2\/users\/1"}],"replies":[{"embeddable":true,"href":"https:\/\/www.tv-forst-handball.de\/cms\/wp-json\/wp\/v2\/comments?post=58"}],"version-history":[{"count":25,"href":"https:\/\/www.tv-forst-handball.de\/cms\/wp-json\/wp\/v2\/pages\/58\/revisions"}],"predecessor-version":[{"id":7766,"href":"https:\/\/www.tv-forst-handball.de\/cms\/wp-json\/wp\/v2\/pages\/58\/revisions\/7766"}],"wp:attachment":[{"href":"https:\/\/www.tv-forst-handball.de\/cms\/wp-json\/wp\/v2\/media?parent=58"}],"curies":[{"name":"wp","href":"https:\/\/api.w.org\/{rel}","templated":true}]}}