{"id":6375,"date":"2018-09-17T10:09:38","date_gmt":"2018-09-17T08:09:38","guid":{"rendered":"http:\/\/www.tv-forst-handball.de\/cms\/?page_id=6375"},"modified":"2021-10-19T15:58:34","modified_gmt":"2021-10-19T13:58:34","slug":"seite-wird-aktualisiert","status":"publish","type":"page","link":"https:\/\/www.tv-forst-handball.de\/cms\/seite-wird-aktualisiert\/","title":{"rendered":"News"},"content":{"rendered":"\n<p class=\"has-normal-font-size\">Grusswort Bernd Killinger<\/p>\n\n\n\n<p>Liebe Handballfreunde,<\/p>\n\n\n\n<p>ich begr\u00fc\u00dfe Sie ganz herzlich zu den Handballspielen des TV Forst in der Waldseehalle. Gl\u00fccklicherweise ist es nun wieder m\u00f6glich, dass Zuschauer bei Sportveranstaltungen gestattet sind, allerdings m\u00fcssen die Abstands- und Hygieneregeln der g\u00fcltigen Corona Verordnung eingehalten werden. Der TV hat ein gutes Konzept erarbeitet, ich bin sicher, dass es damit m\u00f6glich sein wird, endlich wieder spannende Spiele zu sehen.<\/p>\n\n\n\n<p>Die Corona Pandemie hat uns leider l\u00e4nger im Griff als angenommen, dennoch ist es wichtig, dass wir Wege finden wieder in ein halbwegs normales Leben zur\u00fcckkehren zu k\u00f6nnen. Sport nimmt dabei einen ganz wichtigen Stellenwert ein.<\/p>\n\n\n\n<p>Deshalb w\u00fcnsche ich uns allen eine spannende Handballsaison 2021\/22 mit interessanten Spielen, tollen Toren und besonders nat\u00fcrlich gesunden Zuschauern und Spielern.<\/p>\n\n\n\n<p>Nachdem wir viele erfolgreiche Impfaktionen durchgef\u00fchrt haben, gehe ich davon aus, dass ein Gro\u00dfteil der Forster B\u00fcrgerinnen und B\u00fcrger vollst\u00e4ndig geimpft ist. Ich bin \u00fcberzeugt, dass die Spieler und Zuschauer so diszipliniert sind, das Ansteckungsrisiko gering zu halten. Die sportlichen Erfolge werden sich dann automatisch wieder einstellen.<\/p>\n\n\n\n<p>Ich danke allen Engagierten, von den Kindern und Jugendlichen \u00fcber die Aktiven bis hin zu den Helfern im Hintergrund der Handballabteilung f\u00fcr den besonderen Einsatz und das Durchhalteverm\u00f6gen in diesen schwierigen Zeiten. Mein besonderer Dank gilt auch den Sponsoren und G\u00f6nnern des Handballsports, die ihrem Verein die Treue gehalten haben, auch wenn sie selbst finanzielle Einbu\u00dfen erlitten hatten. Alle zusammen leisten einen wichtigen Beitrag zum Vereinsleben. Forst h\u00e4lt weiterhin zusammen.<\/p>\n\n\n\n<p>Im Namen der Gemeinde Forst sowie der Damen und Herren des Gemeinderats und auch ganz pers\u00f6nlich, danke ich den Handballern daf\u00fcr, dass Sie sich mit einem H\u00f6chstma\u00df an Verantwortung und sozialer Kompetenz auch im zweiten Jahr der Corona Pandemie weiterhin engagieren. Es hat sich gezeigt, dass gerade der Zusammenhalt in den Vereinen vielen Menschen bei der Bew\u00e4ltigung der gro\u00dfen Krise geholfen hat.<\/p>\n\n\n\n<p>F\u00fcr die kommende Spielrunde w\u00fcnsche ich allen Mannschaften spannende, faire, und verletzungsfreie Spiele.<\/p>\n\n\n\n<p>Herzlichst Ihr<\/p>\n\n\n\n<figure class=\"wp-block-image size-medium is-resized\"><a href=\"https:\/\/www.tv-forst-handball.de\/cms\/wp-content\/uploads\/2019\/08\/Bernd-Killinger.jpg\" rel=\"lightbox[6375]\"><img loading=\"lazy\" decoding=\"async\" src=\"https:\/\/www.tv-forst-handball.de\/cms\/wp-content\/uploads\/2019\/08\/Bernd-Killinger-300x140.jpg\" alt=\"\" class=\"wp-image-6574\" width=\"225\" height=\"105\" srcset=\"https:\/\/www.tv-forst-handball.de\/cms\/wp-content\/uploads\/2019\/08\/Bernd-Killinger-300x140.jpg 300w, https:\/\/www.tv-forst-handball.de\/cms\/wp-content\/uploads\/2019\/08\/Bernd-Killinger.jpg 393w\" sizes=\"auto, (max-width: 225px) 100vw, 225px\" \/><\/a><\/figure>\n\n\n\n<p>Bernd Killinger<\/p>\n\n\n\n<p>B\u00fcrgermeister<\/p>\n","protected":false},"excerpt":{"rendered":"<p>Grusswort Bernd Killinger Liebe Handballfreunde, ich begr\u00fc\u00dfe Sie ganz herzlich zu den Handballspielen des TV Forst in der Waldseehalle. Gl\u00fccklicherweise ist es nun wieder m\u00f6glich, dass Zuschauer bei Sportveranstaltungen gestattet sind, allerdings m\u00fcssen die Abstands- und Hygieneregeln der g\u00fcltigen Corona Verordnung eingehalten werden. Der TV hat ein gutes Konzept erarbeitet, ich bin sicher, dass es &hellip; <a href=\"https:\/\/www.tv-forst-handball.de\/cms\/seite-wird-aktualisiert\/\" class=\"more-link\"><span class=\"screen-reader-text\">News<\/span> weiterlesen <span class=\"meta-nav\">&rarr;<\/span><\/a><\/p>\n","protected":false},"author":4,"featured_media":0,"parent":0,"menu_order":0,"comment_status":"closed","ping_status":"closed","template":"","meta":{"footnotes":""},"class_list":["post-6375","page","type-page","status-publish","hentry"],"_links":{"self":[{"href":"https:\/\/www.tv-forst-handball.de\/cms\/wp-json\/wp\/v2\/pages\/6375","targetHints":{"allow":["GET"]}}],"collection":[{"href":"https:\/\/www.tv-forst-handball.de\/cms\/wp-json\/wp\/v2\/pages"}],"about":[{"href":"https:\/\/www.tv-forst-handball.de\/cms\/wp-json\/wp\/v2\/types\/page"}],"author":[{"embeddable":true,"href":"https:\/\/www.tv-forst-handball.de\/cms\/wp-json\/wp\/v2\/users\/4"}],"replies":[{"embeddable":true,"href":"https:\/\/www.tv-forst-handball.de\/cms\/wp-json\/wp\/v2\/comments?post=6375"}],"version-history":[{"count":10,"href":"https:\/\/www.tv-forst-handball.de\/cms\/wp-json\/wp\/v2\/pages\/6375\/revisions"}],"predecessor-version":[{"id":7054,"href":"https:\/\/www.tv-forst-handball.de\/cms\/wp-json\/wp\/v2\/pages\/6375\/revisions\/7054"}],"wp:attachment":[{"href":"https:\/\/www.tv-forst-handball.de\/cms\/wp-json\/wp\/v2\/media?parent=6375"}],"curies":[{"name":"wp","href":"https:\/\/api.w.org\/{rel}","templated":true}]}}