{"id":64,"date":"2015-08-05T15:17:57","date_gmt":"2015-08-05T13:17:57","guid":{"rendered":"http:\/\/www.tv-forst-handball.de\/cms\/?page_id=64"},"modified":"2025-08-12T15:34:14","modified_gmt":"2025-08-12T13:34:14","slug":"1-mannschaft-2","status":"publish","type":"page","link":"https:\/\/www.tv-forst-handball.de\/cms\/1-mannschaft-2\/","title":{"rendered":"Herren 2025\/2026"},"content":{"rendered":"\n<figure class=\"wp-block-image size-large\"><a href=\"https:\/\/www.tv-forst-handball.de\/cms\/wp-content\/uploads\/2025\/08\/09_Herren-scaled.jpg\" rel=\"lightbox[64]\"><img loading=\"lazy\" decoding=\"async\" width=\"1024\" height=\"545\" src=\"https:\/\/www.tv-forst-handball.de\/cms\/wp-content\/uploads\/2025\/08\/09_Herren-1024x545.jpg\" alt=\"\" class=\"wp-image-7767\" srcset=\"https:\/\/www.tv-forst-handball.de\/cms\/wp-content\/uploads\/2025\/08\/09_Herren-1024x545.jpg 1024w, https:\/\/www.tv-forst-handball.de\/cms\/wp-content\/uploads\/2025\/08\/09_Herren-300x160.jpg 300w, https:\/\/www.tv-forst-handball.de\/cms\/wp-content\/uploads\/2025\/08\/09_Herren-768x409.jpg 768w, https:\/\/www.tv-forst-handball.de\/cms\/wp-content\/uploads\/2025\/08\/09_Herren-1536x817.jpg 1536w, https:\/\/www.tv-forst-handball.de\/cms\/wp-content\/uploads\/2025\/08\/09_Herren-2048x1089.jpg 2048w\" sizes=\"auto, (max-width: 1024px) 100vw, 1024px\" \/><\/a><figcaption class=\"wp-element-caption\">Herren 25\/26<\/figcaption><\/figure>\n\n\n\n<p>Wie im in der letzten Saison gehen f\u00fcr den TV Forst auch in der Spielzeit 25\/26 zwei Herrenmannschaften in den Spielbetrieb. Nach einem guten f\u00fcnften Platz in der Bezirksoberliga 24\/25 ist die 1.Herrenmannschaft erneut in der Bezirksoberliga am Start. Durch die Umstrukturierung des Verbandes stehen die Vorzeichen in diesem Jahr allerdings etwas anders. Aus den zwei parallelen Bezirksoberligen qualifizieren sich in diesem Jahr nur die besten 5-5-6 Mannschaften f\u00fcr die eingleisige Bezirksoberliga 26\/27. Hinzu kommt, dass unserer Staffel starke Mannschaften zugeordnet wurden. So bekommt man es z.B. mit dem 3. der letztj\u00e4hrigen Landesliga, dem SV Langensteinbach oder dem Meister der Bezirksoberliga, der TG Neureut zu tun. Auch das Derby gegen die SG Hambr\u00fccken\/Weiher steht nun wieder auf dem Spielplan.<\/p>\n\n\n\n<p>Mit schwei\u00dftreibenden Einheiten und zahlreichen Trainingsspielen hat man sich auf diese herausfordernde Aufgabe vorbereitet. Im Vergleich zum Kader des letzten Jahres sind einige Nachwuchsspieler aus der A-Jugend nun fest zum Kader hinzugesto\u00dfen und der Rest der Mannschaft ist zusammengeblieben. Diese Eingespieltheit ist ein gro\u00dfer Vorteil, den man als Bonus nutzen m\u00f6chte.<\/p>\n\n\n\n<p>Die zweite Herrenmannschaft geht erneut in der Bezirksliga ins Rennen. Neben einigen altgedienten Spieler k\u00f6nnen hier junge Spieler Spielerfahrung im Herrenbereich sammeln und so die n\u00e4chsten Schritte in ihrer Entwicklung gehen. Damit d\u00fcrfen wir uns hoffentlich wieder auf viele erfolgreiche Spiele unserer Mannschaften freuen. Toll w\u00e4re es, wenn zahlreiche Zuschauer den Weg zu den Heimspielen in die Waldseehalle finden, um unsere M\u00e4nner zu unterst\u00fctzen.<\/p>\n\n\n\n<p><\/p>\n","protected":false},"excerpt":{"rendered":"<p>Wie im in der letzten Saison gehen f\u00fcr den TV Forst auch in der Spielzeit 25\/26 zwei Herrenmannschaften in den Spielbetrieb. Nach einem guten f\u00fcnften Platz in der Bezirksoberliga 24\/25 ist die 1.Herrenmannschaft erneut in der Bezirksoberliga am Start. Durch die Umstrukturierung des Verbandes stehen die Vorzeichen in diesem Jahr allerdings etwas anders. Aus den &hellip; <a href=\"https:\/\/www.tv-forst-handball.de\/cms\/1-mannschaft-2\/\" class=\"more-link\"><span class=\"screen-reader-text\">Herren 2025\/2026<\/span> weiterlesen <span class=\"meta-nav\">&rarr;<\/span><\/a><\/p>\n","protected":false},"author":1,"featured_media":0,"parent":0,"menu_order":0,"comment_status":"closed","ping_status":"open","template":"","meta":{"footnotes":""},"class_list":["post-64","page","type-page","status-publish","hentry"],"_links":{"self":[{"href":"https:\/\/www.tv-forst-handball.de\/cms\/wp-json\/wp\/v2\/pages\/64","targetHints":{"allow":["GET"]}}],"collection":[{"href":"https:\/\/www.tv-forst-handball.de\/cms\/wp-json\/wp\/v2\/pages"}],"about":[{"href":"https:\/\/www.tv-forst-handball.de\/cms\/wp-json\/wp\/v2\/types\/page"}],"author":[{"embeddable":true,"href":"https:\/\/www.tv-forst-handball.de\/cms\/wp-json\/wp\/v2\/users\/1"}],"replies":[{"embeddable":true,"href":"https:\/\/www.tv-forst-handball.de\/cms\/wp-json\/wp\/v2\/comments?post=64"}],"version-history":[{"count":26,"href":"https:\/\/www.tv-forst-handball.de\/cms\/wp-json\/wp\/v2\/pages\/64\/revisions"}],"predecessor-version":[{"id":7769,"href":"https:\/\/www.tv-forst-handball.de\/cms\/wp-json\/wp\/v2\/pages\/64\/revisions\/7769"}],"wp:attachment":[{"href":"https:\/\/www.tv-forst-handball.de\/cms\/wp-json\/wp\/v2\/media?parent=64"}],"curies":[{"name":"wp","href":"https:\/\/api.w.org\/{rel}","templated":true}]}}