{"id":68,"date":"2015-08-05T15:18:31","date_gmt":"2015-08-05T13:18:31","guid":{"rendered":"http:\/\/www.tv-forst-handball.de\/cms\/?page_id=68"},"modified":"2022-12-05T12:22:22","modified_gmt":"2022-12-05T11:22:22","slug":"1-mannschaft-trainingszeiten","status":"publish","type":"page","link":"https:\/\/www.tv-forst-handball.de\/cms\/1-mannschaft-trainingszeiten\/","title":{"rendered":"Trainingszeiten"},"content":{"rendered":"<p>Du m\u00f6chtest gerne mal ein Probetraining in einer unserer Mannschaften absolvieren?<\/p>\n<p>Dann schreibe eine kurze Mail mit deinem Geburtsdatum an<br \/>\n<a href=\"mailto:abteilungsleiter@tvfhandball.de\">abteilungsleiter@tvfhandball.de<\/a><br \/>\nund du bekommst zeitnah R\u00fcckmeldung bez\u00fcglich der Trainingszeiten einer Gruppe, die f\u00fcr dein Alter passt<\/p>\n","protected":false},"excerpt":{"rendered":"<p>Du m\u00f6chtest gerne mal ein Probetraining in einer unserer Mannschaften absolvieren? Dann schreibe eine kurze Mail mit deinem Geburtsdatum an abteilungsleiter@tvfhandball.de und du bekommst zeitnah R\u00fcckmeldung bez\u00fcglich der Trainingszeiten einer Gruppe, die f\u00fcr dein Alter passt<\/p>\n","protected":false},"author":1,"featured_media":0,"parent":0,"menu_order":0,"comment_status":"closed","ping_status":"open","template":"","meta":{"footnotes":""},"class_list":["post-68","page","type-page","status-publish","hentry"],"_links":{"self":[{"href":"https:\/\/www.tv-forst-handball.de\/cms\/wp-json\/wp\/v2\/pages\/68","targetHints":{"allow":["GET"]}}],"collection":[{"href":"https:\/\/www.tv-forst-handball.de\/cms\/wp-json\/wp\/v2\/pages"}],"about":[{"href":"https:\/\/www.tv-forst-handball.de\/cms\/wp-json\/wp\/v2\/types\/page"}],"author":[{"embeddable":true,"href":"https:\/\/www.tv-forst-handball.de\/cms\/wp-json\/wp\/v2\/users\/1"}],"replies":[{"embeddable":true,"href":"https:\/\/www.tv-forst-handball.de\/cms\/wp-json\/wp\/v2\/comments?post=68"}],"version-history":[{"count":3,"href":"https:\/\/www.tv-forst-handball.de\/cms\/wp-json\/wp\/v2\/pages\/68\/revisions"}],"predecessor-version":[{"id":7356,"href":"https:\/\/www.tv-forst-handball.de\/cms\/wp-json\/wp\/v2\/pages\/68\/revisions\/7356"}],"wp:attachment":[{"href":"https:\/\/www.tv-forst-handball.de\/cms\/wp-json\/wp\/v2\/media?parent=68"}],"curies":[{"name":"wp","href":"https:\/\/api.w.org\/{rel}","templated":true}]}}