{"id":7459,"date":"2023-09-19T07:41:37","date_gmt":"2023-09-19T05:41:37","guid":{"rendered":"http:\/\/www.tv-forst-handball.de\/cms\/?page_id=7459"},"modified":"2024-09-17T11:16:25","modified_gmt":"2024-09-17T09:16:25","slug":"a-jugend-5","status":"publish","type":"page","link":"https:\/\/www.tv-forst-handball.de\/cms\/a-jugend-5\/","title":{"rendered":"A-Jugend"},"content":{"rendered":"\n<p>A-Jugend Saison 24\/25<\/p>\n\n\n\n<figure class=\"wp-block-image size-large\"><a href=\"https:\/\/www.tv-forst-handball.de\/cms\/wp-content\/uploads\/2024\/09\/08_A-Jugend-scaled.jpg\" rel=\"lightbox[7459]\"><img loading=\"lazy\" decoding=\"async\" width=\"1024\" height=\"790\" src=\"https:\/\/www.tv-forst-handball.de\/cms\/wp-content\/uploads\/2024\/09\/08_A-Jugend-1024x790.jpg\" alt=\"\" class=\"wp-image-7636\" srcset=\"https:\/\/www.tv-forst-handball.de\/cms\/wp-content\/uploads\/2024\/09\/08_A-Jugend-1024x790.jpg 1024w, https:\/\/www.tv-forst-handball.de\/cms\/wp-content\/uploads\/2024\/09\/08_A-Jugend-300x231.jpg 300w, https:\/\/www.tv-forst-handball.de\/cms\/wp-content\/uploads\/2024\/09\/08_A-Jugend-768x592.jpg 768w, https:\/\/www.tv-forst-handball.de\/cms\/wp-content\/uploads\/2024\/09\/08_A-Jugend-1536x1185.jpg 1536w, https:\/\/www.tv-forst-handball.de\/cms\/wp-content\/uploads\/2024\/09\/08_A-Jugend-2048x1579.jpg 2048w\" sizes=\"auto, (max-width: 1024px) 100vw, 1024px\" \/><\/a><figcaption class=\"wp-element-caption\">A-Jugend 22\/23<\/figcaption><\/figure>\n\n\n\n<p>Nach der Meisterschaft in der Landesliga hat unsere A-Jugend ihr Qualfikations-Turnier souver\u00e4n gewonnen uns sich damit wieder f\u00fcr einen Startplatz in der Oberliga Baden (ehemals Badenliga) qualifiziert. Auch wenn die Mannschaft berufsbedingt und wegen Auslandsaufenthalten nicht besonders \u00fcppig aufgestellt ist, m\u00f6chte sie \u00fcber mannschaftliche Geschlossenheit trotzdem eine gute Rolle im Klassement spielen.<\/p>\n\n\n\n<p>Die Mannschaft unterst\u00fctzen werden noch ein bis zwei Spieler mit Gastspielrecht oder unsere Jungs aus der B-Jugend.<\/p>\n\n\n\n<p>Bereits in der letzten Saison haben einige Jungs schon Verantwortung in den Herrenmannschaften \u00fcbernommen und Einsatzzeiten in der ersten oder zweiten Mannschaft gesammelt. Diese enge Verzahnung soll auch in der kommenden Saison ihre Fortsetzung finden.<\/p>\n\n\n\n<p>Die Mannschaft fiebert bereits dem Saisonstart entgegen und hofft auf lautstarke Unterst\u00fctzung von den Zuschauerr\u00e4ngen. Das Team wird dies mit Leidenschaft, Einsatz, Kampf und Moral zur\u00fcckzahlen!<\/p>\n","protected":false},"excerpt":{"rendered":"<p>A-Jugend Saison 24\/25 Nach der Meisterschaft in der Landesliga hat unsere A-Jugend ihr Qualfikations-Turnier souver\u00e4n gewonnen uns sich damit wieder f\u00fcr einen Startplatz in der Oberliga Baden (ehemals Badenliga) qualifiziert. Auch wenn die Mannschaft berufsbedingt und wegen Auslandsaufenthalten nicht besonders \u00fcppig aufgestellt ist, m\u00f6chte sie \u00fcber mannschaftliche Geschlossenheit trotzdem eine gute Rolle im Klassement spielen. &hellip; <a href=\"https:\/\/www.tv-forst-handball.de\/cms\/a-jugend-5\/\" class=\"more-link\"><span class=\"screen-reader-text\">A-Jugend<\/span> weiterlesen <span class=\"meta-nav\">&rarr;<\/span><\/a><\/p>\n","protected":false},"author":4,"featured_media":0,"parent":0,"menu_order":0,"comment_status":"closed","ping_status":"closed","template":"","meta":{"footnotes":""},"class_list":["post-7459","page","type-page","status-publish","hentry"],"_links":{"self":[{"href":"https:\/\/www.tv-forst-handball.de\/cms\/wp-json\/wp\/v2\/pages\/7459","targetHints":{"allow":["GET"]}}],"collection":[{"href":"https:\/\/www.tv-forst-handball.de\/cms\/wp-json\/wp\/v2\/pages"}],"about":[{"href":"https:\/\/www.tv-forst-handball.de\/cms\/wp-json\/wp\/v2\/types\/page"}],"author":[{"embeddable":true,"href":"https:\/\/www.tv-forst-handball.de\/cms\/wp-json\/wp\/v2\/users\/4"}],"replies":[{"embeddable":true,"href":"https:\/\/www.tv-forst-handball.de\/cms\/wp-json\/wp\/v2\/comments?post=7459"}],"version-history":[{"count":2,"href":"https:\/\/www.tv-forst-handball.de\/cms\/wp-json\/wp\/v2\/pages\/7459\/revisions"}],"predecessor-version":[{"id":7637,"href":"https:\/\/www.tv-forst-handball.de\/cms\/wp-json\/wp\/v2\/pages\/7459\/revisions\/7637"}],"wp:attachment":[{"href":"https:\/\/www.tv-forst-handball.de\/cms\/wp-json\/wp\/v2\/media?parent=7459"}],"curies":[{"name":"wp","href":"https:\/\/api.w.org\/{rel}","templated":true}]}}